{"id":10,"date":"2025-12-17T22:07:59","date_gmt":"2025-12-17T22:07:59","guid":{"rendered":"https:\/\/chmurka.club\/?page_id=10"},"modified":"2026-01-23T14:40:56","modified_gmt":"2026-01-23T14:40:56","slug":"o-mnie","status":"publish","type":"page","link":"https:\/\/chmurka.club\/index.php\/o-mnie\/","title":{"rendered":"O mnie"},"content":{"rendered":"\n<p class=\"wp-block-paragraph\">Moje strony:<\/p>\n\n\n\n<p class=\"wp-block-paragraph\">&nbsp;&nbsp;&nbsp;&nbsp;&nbsp;&nbsp;&nbsp;&nbsp;&nbsp;&nbsp;&nbsp; <a href=\"http:\/\/www.studiocpp.pl\">www.studiocpp.pl<\/a><\/p>\n\n\n\n<p class=\"wp-block-paragraph\">&nbsp;&nbsp;&nbsp;&nbsp;&nbsp;&nbsp;&nbsp;&nbsp;&nbsp;&nbsp;&nbsp; <a href=\"http:\/\/www.chmurka.club\">www.chmurka.club<\/a><\/p>\n\n\n\n<p class=\"wp-block-paragraph\">&nbsp;&nbsp;&nbsp;&nbsp;&nbsp;&nbsp;&nbsp;&nbsp;&nbsp;&nbsp;&nbsp; <a href=\"http:\/\/www.autostudio.club\">www.autostudio.club<\/a><\/p>\n\n\n\n<p class=\"wp-block-paragraph\">Strony kt\u00f3re prowadz\u0119, wynik\u0142y z mojego zainteresowania zag\u0142\u0119biaj\u0105cego si\u0119 w zapisie cyfrowym i kulinari\u0105. Zapis cyfrowy to nie tylko fotki i grafika, ale te\u017c programowanie.\u00a0 Niemniej zapis cyfrowy sprawi\u0142 powstanie mojego hobby kt\u00f3re sta\u0142o si\u0119 pejza\u017cem rzeczywisto\u015bci. A to sprawi\u0142o, \u017ce nie uniknione si\u0119 sta\u0142o za\u0142o\u017cenie w\/w stron i zespojenie je w jedn\u0105 ca\u0142o\u015b\u0107, a mianowicie, nadanie im takiego a nie innego kszta\u0142tu.<\/p>\n\n\n\n<p class=\"wp-block-paragraph\">Kszta\u0142tu zbudowanego ze stron r\u00f3\u017cni\u0105cych si\u0119 charakterem i tre\u015bci\u0105, a powi\u0105zanych cech\u0105 \u2013 tj. hobby<\/p>\n\n\n\n<p class=\"wp-block-paragraph\">Poniek\u0105d s\u0142u\u017cy to do reprezentacji kolekcji mojego hobby, oraz sposobu wykorzystania hobby w celu korzystnym, jak r\u00f3wnie\u017c podzielenia si\u0119 wiedz\u0105 i umiej\u0119tno\u015bci\u0105 z innymi osobami.<\/p>\n\n\n\n<p class=\"wp-block-paragraph\">Moje upodobanie w zapisie cyfrowym, kt\u00f3re w oczywisty spos\u00f3b rozwin\u0119\u0142o moje hobby grafiki komputerowej i programowania c++ oraz html i css, rozwin\u0119\u0142o horyzonty wyobra\u017ani. W ten spos\u00f3b, \u017ce pi\u0119kno kt\u00f3re zosta\u0142o zapisane cyfr\u0105, ono musia\u0142o najpierw zaistnie\u0107. To pi\u0119kno istnia\u0142o ju\u017c dawno, dawno temu, zainstalowa\u0142em sobie edytor CodeBlocks \u2013 nie maj\u0105c poj\u0119cia \u2013 co to w og\u00f3le jest i do czego s\u0142u\u017cy. A jednak, &nbsp;to co\u015b co edytorem si\u0119 nazywa , swoj\u0105 furor\u0119 zrobi\u0142o.<\/p>\n\n\n\n<p class=\"wp-block-paragraph\">To \u201e co\u015b\u201d wzbudzi\u0142o we mnie zainteresowanie poznania programowania w j\u0119zyku C++, i tak to ju\u017c pozosta\u0142o. Sta\u0142o si\u0119 moim hobby. Chocia\u017c od tamtego czasu min\u0119\u0142o ju\u017c par\u0119 lat, bywa\u0142y przerwy raz d\u0142u\u017csze, raz kr\u00f3tsze, to jednak zdobywanie wiedzy programowania w j\u0119zyku C++ \u2013 pozosta\u0142o. Polubi\u0142em ten j\u0119zyk programowania. Jest do\u015b\u0107 ciekawy.<\/p>\n\n\n\n<p class=\"wp-block-paragraph\">Owa ciekawo\u015b\u0107, sprawi\u0142a, \u017ce najpierw zaistnia\u0142o jedno klikni\u0119cie, potem drugie i nast\u0119pne, a\u017c w ko\u0144cu co\u015b powsta\u0142o, i to co\u015b nosi nazw\u0119 \u2013 pierwszy m\u00f3j program \u2013 &nbsp;kt\u00f3ry wypisa\u0142 pierwsze s\u0142owa na monitorze, potem wykona\u0142 proste rachunki na monitorze, a\u017c wreszcie zacz\u0119\u0142y powstawa\u0107 pierwsze kombinacje \u2013 gierki.<\/p>\n\n\n\n<p class=\"wp-block-paragraph\">&nbsp;I to sprawi\u0142o, \u017ce &nbsp;j\u0119zyk C++ sta\u0142 si\u0119 moj\u0105 rozrywk\u0105, zabaw\u0105, ta\u0144cem i muzyk\u0105 w po\u015br\u00f3d chmur szaro\u015bci dnia, kt\u00f3ra na sw\u00f3j spos\u00f3b sprawia odpr\u0119\u017cenie umys\u0142u, skupienie si\u0119 na chwili, rozlu\u017anienie fizyczne i emocjonalne.<\/p>\n\n\n\n<p class=\"wp-block-paragraph\">Ale to nie koniec. Samo C++ to nie wszystko. Potem by\u0142 html, css, grafika. W mi\u0119dzy czasie dosz\u0142o kulinaria.<\/p>\n\n\n\n<p class=\"wp-block-paragraph\">Moje hobby ma powi\u0105zanie r\u00f3wnie\u017c z inn\u0105 dziedzin\u0105. Co r\u00f3wnie\u017c pokazuj\u0119 na tej witrynie.<\/p>\n\n\n\n<p class=\"wp-block-paragraph\">Pierwsze co publikuj\u0119, to publikuj\u0119 &#8211; chmurka.club.<\/p>\n\n\n\n<p class=\"wp-block-paragraph\">Inne strony s\u0105 jeszcze w realizacji.<\/p>\n\n\n\n<p class=\"wp-block-paragraph\">A tego troch\u0119 b\u0119dzie. Co b\u0119dzie? Ujawni\u0119 na stronach kt\u00f3re zostan\u0105 udost\u0119pnione w internecie.<\/p>\n","protected":false},"excerpt":{"rendered":"<p>Moje strony: &nbsp;&nbsp;&nbsp;&nbsp;&nbsp;&nbsp;&nbsp;&nbsp;&nbsp;&nbsp;&nbsp; www.studiocpp.pl &nbsp;&nbsp;&nbsp;&nbsp;&nbsp;&nbsp;&nbsp;&nbsp;&nbsp;&nbsp;&nbsp; www.chmurka.club &nbsp;&nbsp;&nbsp;&nbsp;&nbsp;&nbsp;&nbsp;&nbsp;&nbsp;&nbsp;&nbsp; www.autostudio.club Strony kt\u00f3re prowadz\u0119, wynik\u0142y z mojego zainteresowania zag\u0142\u0119biaj\u0105cego si\u0119 w<\/p>\n","protected":false},"author":1,"featured_media":0,"parent":0,"menu_order":0,"comment_status":"closed","ping_status":"closed","template":"","meta":{"_crdt_document":"","footnotes":""},"class_list":["post-10","page","type-page","status-publish","hentry"],"_links":{"self":[{"href":"https:\/\/chmurka.club\/index.php\/wp-json\/wp\/v2\/pages\/10","targetHints":{"allow":["GET"]}}],"collection":[{"href":"https:\/\/chmurka.club\/index.php\/wp-json\/wp\/v2\/pages"}],"about":[{"href":"https:\/\/chmurka.club\/index.php\/wp-json\/wp\/v2\/types\/page"}],"author":[{"embeddable":true,"href":"https:\/\/chmurka.club\/index.php\/wp-json\/wp\/v2\/users\/1"}],"replies":[{"embeddable":true,"href":"https:\/\/chmurka.club\/index.php\/wp-json\/wp\/v2\/comments?post=10"}],"version-history":[{"count":5,"href":"https:\/\/chmurka.club\/index.php\/wp-json\/wp\/v2\/pages\/10\/revisions"}],"predecessor-version":[{"id":654,"href":"https:\/\/chmurka.club\/index.php\/wp-json\/wp\/v2\/pages\/10\/revisions\/654"}],"wp:attachment":[{"href":"https:\/\/chmurka.club\/index.php\/wp-json\/wp\/v2\/media?parent=10"}],"curies":[{"name":"wp","href":"https:\/\/api.w.org\/{rel}","templated":true}]}}