{"id":12,"date":"2025-12-17T22:09:05","date_gmt":"2025-12-17T22:09:05","guid":{"rendered":"https:\/\/chmurka.club\/?page_id=12"},"modified":"2026-01-28T20:39:17","modified_gmt":"2026-01-28T20:39:17","slug":"pogoda","status":"publish","type":"page","link":"https:\/\/chmurka.club\/index.php\/pogoda\/","title":{"rendered":"Pogoda"},"content":{"rendered":"\n<figure class=\"wp-block-gallery has-nested-images columns-default is-cropped wp-block-gallery-1 is-layout-flex wp-block-gallery-is-layout-flex\"><\/figure>\n\n\n\n<p class=\"wp-block-paragraph\">Jak ma pogod\u0119 dnia 23.12.2025 roku, rzec mo\u017cna, jest bardzo pi\u0119knie.<\/p>\n\n\n\n<h1 class=\"wp-block-heading\">Katalog historii pogody.<\/h1>\n\n\n\n<figure class=\"wp-block-image size-full\"><img loading=\"lazy\" decoding=\"async\" width=\"561\" height=\"397\" src=\"https:\/\/chmurka.club\/wp-content\/uploads\/2026\/01\/chmurkaPogodynka.png\" alt=\"\" class=\"wp-image-691\" srcset=\"https:\/\/chmurka.club\/wp-content\/uploads\/2026\/01\/chmurkaPogodynka.png 561w, https:\/\/chmurka.club\/wp-content\/uploads\/2026\/01\/chmurkaPogodynka-300x212.png 300w\" sizes=\"auto, (max-width: 561px) 100vw, 561px\" \/><\/figure>\n\n\n\n<h2 class=\"wp-block-heading\">Materia\u0142y w pdf \u2013 historia pogody.<\/h2>\n\n\n\n<p class=\"wp-block-paragraph\">Ka\u017cdy dzie\u0144 ma sw\u00f3j dokument w dzienniku zapisuj\u0105cy pogod\u0119.<\/p>\n\n\n\n<p class=\"wp-block-paragraph\">Poni\u017cej podaj\u0119 link do dziennika.<\/p>\n\n\n\n<p class=\"wp-block-paragraph\"><a href=\"https:\/\/dziennik.host176291.stronawcal.pl\/?page_id=7\">https:\/\/dziennik.host176291.stronawcal.pl\/?page_id=7<\/a><\/p>\n\n\n\n<p class=\"wp-block-paragraph\"><a href=\"https:\/\/sfera.host176291.stronawcal.pl\">https:\/\/sfera.host176291.stronawcal.pl<\/a><\/p>\n\n\n\n<h5 class=\"wp-block-heading\">PDF &#8211; w kolejno\u015bci odwrotnej<\/h5>\n\n\n\n<figure class=\"wp-block-gallery has-nested-images columns-default is-cropped wp-block-gallery-2 is-layout-flex wp-block-gallery-is-layout-flex\"><\/figure>\n\n\n\n<p class=\"wp-block-paragraph\"><\/p>\n","protected":false},"excerpt":{"rendered":"<p>Jak ma pogod\u0119 dnia 23.12.2025 roku, rzec mo\u017cna, jest bardzo pi\u0119knie. Katalog historii pogody. Materia\u0142y w pdf \u2013<\/p>\n","protected":false},"author":1,"featured_media":0,"parent":0,"menu_order":0,"comment_status":"closed","ping_status":"closed","template":"","meta":{"_crdt_document":"","footnotes":""},"class_list":["post-12","page","type-page","status-publish","hentry"],"_links":{"self":[{"href":"https:\/\/chmurka.club\/index.php\/wp-json\/wp\/v2\/pages\/12","targetHints":{"allow":["GET"]}}],"collection":[{"href":"https:\/\/chmurka.club\/index.php\/wp-json\/wp\/v2\/pages"}],"about":[{"href":"https:\/\/chmurka.club\/index.php\/wp-json\/wp\/v2\/types\/page"}],"author":[{"embeddable":true,"href":"https:\/\/chmurka.club\/index.php\/wp-json\/wp\/v2\/users\/1"}],"replies":[{"embeddable":true,"href":"https:\/\/chmurka.club\/index.php\/wp-json\/wp\/v2\/comments?post=12"}],"version-history":[{"count":10,"href":"https:\/\/chmurka.club\/index.php\/wp-json\/wp\/v2\/pages\/12\/revisions"}],"predecessor-version":[{"id":692,"href":"https:\/\/chmurka.club\/index.php\/wp-json\/wp\/v2\/pages\/12\/revisions\/692"}],"wp:attachment":[{"href":"https:\/\/chmurka.club\/index.php\/wp-json\/wp\/v2\/media?parent=12"}],"curies":[{"name":"wp","href":"https:\/\/api.w.org\/{rel}","templated":true}]}}