{"id":18,"date":"2025-12-17T22:18:40","date_gmt":"2025-12-17T22:18:40","guid":{"rendered":"https:\/\/chmurka.club\/?page_id=18"},"modified":"2026-04-26T17:23:45","modified_gmt":"2026-04-26T17:23:45","slug":"kontakt","status":"publish","type":"page","link":"https:\/\/chmurka.club\/index.php\/kontakt\/","title":{"rendered":"Kontakt"},"content":{"rendered":"\n<p class=\"wp-block-paragraph\">Strona w realizacji<\/p>\n\n\n\n<h3 class=\"wp-block-heading\">Adresy podstron<\/h3>\n\n\n\n<p class=\"wp-block-paragraph\">wypieki<\/p>\n\n\n\n<p class=\"wp-block-paragraph\">No tak. Nie tu wypieki umie\u015bci\u0142em<\/p>\n\n\n\n<h2 class=\"wp-block-heading\">T\u0105 stronk\u0119 trzeba zupe\u0142nie przerobi\u0107, to jest uporz\u0105dkowa\u0107.<\/h2>\n","protected":false},"excerpt":{"rendered":"<p>Strona w realizacji Adresy podstron wypieki No tak. Nie tu wypieki umie\u015bci\u0142em T\u0105 stronk\u0119 trzeba zupe\u0142nie przerobi\u0107, to<\/p>\n","protected":false},"author":1,"featured_media":0,"parent":0,"menu_order":0,"comment_status":"closed","ping_status":"closed","template":"","meta":{"_crdt_document":"{\"document\":\"AAAGxO+s5gc3MggQlAoEAgECCgJCSgA4AQIKAkJKADABAgoCQkoAIAECCgJCSgCYAQEBCABIAgQDAP4DAFcoAycABAAnAAQAJwAoBCcAKAAnAAcAKAMnAQQAKAAnAIcAKAMnAQQAKAAnAIcAKAMnAQQAKAAnAIcAKAMnAQQAKAAnACgBhwAoAicBKAAnAKgBKAAEAIT8CakJc3RhdGV2ZXJzaW9uZG9jdW1lbnRkYXRlZG9jdW1lbnRzbHVnZG9jdW1lbnRzdGF0dXNkb2N1bWVudHRpdGxlS29udGFrdGRvY3VtZW50Y29udGVudDwhLS0gd3A6cGFyYWdyYXBoIC0tPgo8cD5TdHJvbmEgdyByZWFsaXphY2ppPC9wPgo8IS0tIC93cDpwYXJhZ3JhcGggLS0+Cgo8IS0tIHdwOmhlYWRpbmcgeyJsZXZlbCI6M30gLS0+CjxoMyBjbGFzcz0id3AtYmxvY2staGVhZGluZyI+QWRyZXN5IHBvZHN0cm9uPC9oMz4KPCEtLSAvd3A6aGVhZGluZyAtLT4KCjwhLS0gd3A6cGFyYWdyYXBoIC0tPgo8cD53eXBpZWtpPC9wPgo8IS0tIC93cDpwYXJhZ3JhcGggLS0+Cgo8IS0tIHdwOnBhcmFncmFwaCAtLT4KPHA+Tm8gdGFrLiBOaWUgdHUgd3lwaWVraSB1bWllxZtjacWCZW08L3A+CjwhLS0gL3dwOnBhcmFncmFwaCAtLT5kb2N1bWVudGV4Y2VycHRkb2N1bWVudGF1dGhvcmRvY3VtZW50ZmVhdHVyZWRfbWVkaWFkb2N1bWVudGNvbW1lbnRfc3RhdHVzZG9jdW1lbnRwaW5nX3N0YXR1c2RvY3VtZW50dGVtcGxhdGVkb2N1bWVudG1ldGFmb290bm90ZXNkb2N1bWVudGJsb2Nrc2NsaWVudElkaXNWYWxpZG9yaWdpbmFsQ29udGVudG5hbWVhdHRyaWJ1dGVzY29udGVudFN0cm9uYSB3IHJlYWxpemFjamlkcm9wQ2FwaW5uZXJCbG9ja3NjbGllbnRJZGlzVmFsaWRvcmlnaW5hbENvbnRlbnRuYW1lYXR0cmlidXRlc2NvbnRlbnRBZHJlc3kgcG9kc3Ryb25sZXZlbGlubmVyQmxvY2tzY2xpZW50SWRpc1ZhbGlkb3JpZ2luYWxDb250ZW50bmFtZWF0dHJpYnV0ZXNjb250ZW50d3lwaWVraWRyb3BDYXBpbm5lckJsb2Nrc2NsaWVudElkaXNWYWxpZG9yaWdpbmFsQ29udGVudG5hbWVhdHRyaWJ1dGVzY29udGVudE5vIHRhay4gTmllIHR1IHd5cGlla2kgdW1pZcWbY2nFgmVtZHJvcENhcGlubmVyQmxvY2tzc3RhdGVzYXZlZEF0c3RhdGVzYXZlZEJ5Y2xpZW50SWRpc1ZhbGlkbmFtZWF0dHJpYnV0ZXNjb250ZW50ZHJvcENhcGlubmVyQmxvY2tzbGV2ZWxUxIUgc3Ryb25rxJkgdHJ6ZWJhIHp1cGXFgm5pZSBwcnplcm9iacSHLCB0byBqZXN0IHVwb3J6xIVka293YcSHLgoKPCEtLSB3cDpoZWFkaW5nIC0tPgo8aDIgY2xhc3M9IndwLWJsb2NrLWhlYWRpbmciPlTEhSBzdHJvbmvEmSB0cnplYmEgenVwZcWCbmllIHByemVyb2JpxIcsIHRvIGplc3QgdXBvcnrEhWRrb3dhxIcuPC9oMj4KPCEtLSAvd3A6aGVhZGluZyAtLT4FBwgECAQIBggFBwgHgwUIBwgGCA4IDggLSAEECQgGCAcPBAoHEwcLCAcPBAoHDwULCAcPBApHAQsIBw8ECgchBwsFBwUHCAcECkcACwU7iAITAQQAAAEAAAABBgAAAQAAJAEBABhCAQEAQQACAEEAAgBBAAIAQQACAEEAAgACQSUBSAB9AXcTMjAyNS0xMi0xN1QyMjoxODo0MHcHa29udGFrdHcHcHVibGlzaH0BfQB3BmNsb3NlZHcGY2xvc2VkdwB3AHckMDgxYTY5ZDQtMjc3NS00ZTE4LTgyNDgtZjcxYzhmNjlhZDBleHcaPHA+U3Ryb25hIHcgcmVhbGl6YWNqaTwvcD53DmNvcmUvcGFyYWdyYXBoeXckY2Y2OGQyNjMtZmJhYS00M2ZkLTk4YjMtMzljMzhiMGVjNjA4eHcxPGgzIGNsYXNzPSJ3cC1ibG9jay1oZWFkaW5nIj5BZHJlc3kgcG9kc3Ryb248L2gzPncMY29yZS9oZWFkaW5nfQN3JDk4NDVjMzkxLTBhM2ItNDczMi1hZmQyLWQ2YjhlODg4MWNjOXh3DjxwPnd5cGlla2k8L3A+dw5jb3JlL3BhcmFncmFwaHl3JDQ3ODE5NjZhLTNmOWEtNGUyNS04NmRmLWY2ZjBjYmRhNGY5ZHh3KjxwPk5vIHRhay4gTmllIHR1IHd5cGlla2kgdW1pZcWbY2nFgmVtPC9wPncOY29yZS9wYXJhZ3JhcGh5e0J53K0LquAAfYTvrOYHdyQ5YzNiNDBmMy0zZTBhLTRmZDMtYTVmYi04MTI0NWNhZDdkNDh4dw5jb3JlL3BhcmFncmFwaHl3JDQwMzQ4NTQ0LWE2OGItNGU2Yy1iNWVhLThhNWY4NDE4OWE4MncMY29yZS9oZWFkaW5nfQIBxLeW8wMDygMAAQACAA==\",\"updateId\":931905394}","footnotes":""},"class_list":["post-18","page","type-page","status-publish","hentry"],"_links":{"self":[{"href":"https:\/\/chmurka.club\/index.php\/wp-json\/wp\/v2\/pages\/18","targetHints":{"allow":["GET"]}}],"collection":[{"href":"https:\/\/chmurka.club\/index.php\/wp-json\/wp\/v2\/pages"}],"about":[{"href":"https:\/\/chmurka.club\/index.php\/wp-json\/wp\/v2\/types\/page"}],"author":[{"embeddable":true,"href":"https:\/\/chmurka.club\/index.php\/wp-json\/wp\/v2\/users\/1"}],"replies":[{"embeddable":true,"href":"https:\/\/chmurka.club\/index.php\/wp-json\/wp\/v2\/comments?post=18"}],"version-history":[{"count":6,"href":"https:\/\/chmurka.club\/index.php\/wp-json\/wp\/v2\/pages\/18\/revisions"}],"predecessor-version":[{"id":715,"href":"https:\/\/chmurka.club\/index.php\/wp-json\/wp\/v2\/pages\/18\/revisions\/715"}],"wp:attachment":[{"href":"https:\/\/chmurka.club\/index.php\/wp-json\/wp\/v2\/media?parent=18"}],"curies":[{"name":"wp","href":"https:\/\/api.w.org\/{rel}","templated":true}]}}