{"id":307,"date":"2025-12-17T22:49:45","date_gmt":"2025-12-17T22:49:45","guid":{"rendered":"https:\/\/chmurka.club\/index.php\/front_page\/"},"modified":"2025-12-20T19:26:09","modified_gmt":"2025-12-20T19:26:09","slug":"front_page","status":"publish","type":"page","link":"https:\/\/chmurka.club\/","title":{"rendered":"Dom"},"content":{"rendered":"\nStrona w realizacji. Jest wiele do zrobienia. Wi\u0119c prosz\u0119 o cierpliwo\u015b\u0107.\n\n\n\nT\u0105 trudno\u015b\u0107 pokonam w najbli\u017cszym czasie.\n\n\n\nNa mojej stronie b\u0119d\u0105 takie tematy jak: pogoda i klimat, wypieki, oraz dania obiadowe i pizze, hamburgery i zapiekanki.\n\n\n\nAle na to potrzeba inwestycji czasowej i materialnej.\n\n\n\nNo w\u0142a\u015bnie.I co dalej?\n\n\n\nKasa. Many many. Z\u0142ot\u00f3wka, dolar czy euro te\u017c?\n\n\n\nDo heppyendu jeszcze sporo czasu up\u0142ynie\n\n\n\nWarto wi\u0119c poczeka\u0107, by zobaczy\u0107 sukces.\n\n\n\nWi\u0119c prosz\u0119 o cierpliwo\u015b\u0107.\n\n\n\nNie wiem tylko co sprawia, \u017ce mi zamienia s\u0142owa pisane na inne. Chyba ma\u0142y s\u0142ownik jest ma tej platformie.\n\n\n\nAle pomimo to &#8211; zapraszam.\n\n\n\nWiem, \u017ce s\u0105 Osoby o ma\u0142ej lub niskiej cierpliwo\u015bci. Wi\u0119c prosz\u0119 te osoby o podj\u0119cie tego samego dzia\u0142ania co ja. Zobaczymy kto jest szybszy.\n\n\n\nWi\u0119c zapraszam na wy\u015bcigi w zdobywaniu sukcesu.\n\n\n\n<h2 class=\"wp-block-heading\">Kasa<\/h2>\n\n\n\n<p class=\"wp-block-paragraph\">Bez kasy moc si\u0119 nic zrobi.<\/p>\n\n\n\n<figure class=\"wp-block-image size-full\"><img loading=\"lazy\" decoding=\"async\" width=\"600\" height=\"415\" src=\"https:\/\/chmurka.club\/wp-content\/uploads\/2025\/12\/438239541_301816666280903_4394608297747981466_n.jpg\" alt=\"\" class=\"wp-image-405\" srcset=\"https:\/\/chmurka.club\/wp-content\/uploads\/2025\/12\/438239541_301816666280903_4394608297747981466_n.jpg 600w, https:\/\/chmurka.club\/wp-content\/uploads\/2025\/12\/438239541_301816666280903_4394608297747981466_n-300x208.jpg 300w\" sizes=\"auto, (max-width: 600px) 100vw, 600px\" \/><\/figure>\n","protected":false},"excerpt":{"rendered":"<p>Strona w realizacji. Jest wiele do zrobienia. Wi\u0119c prosz\u0119 o cierpliwo\u015b\u0107. T\u0105 trudno\u015b\u0107 pokonam w najbli\u017cszym czasie. Na<\/p>\n","protected":false},"author":1,"featured_media":0,"parent":0,"menu_order":0,"comment_status":"closed","ping_status":"closed","template":"","meta":{"_crdt_document":"","footnotes":""},"class_list":["post-307","page","type-page","status-publish","hentry"],"_links":{"self":[{"href":"https:\/\/chmurka.club\/index.php\/wp-json\/wp\/v2\/pages\/307","targetHints":{"allow":["GET"]}}],"collection":[{"href":"https:\/\/chmurka.club\/index.php\/wp-json\/wp\/v2\/pages"}],"about":[{"href":"https:\/\/chmurka.club\/index.php\/wp-json\/wp\/v2\/types\/page"}],"author":[{"embeddable":true,"href":"https:\/\/chmurka.club\/index.php\/wp-json\/wp\/v2\/users\/1"}],"replies":[{"embeddable":true,"href":"https:\/\/chmurka.club\/index.php\/wp-json\/wp\/v2\/comments?post=307"}],"version-history":[{"count":17,"href":"https:\/\/chmurka.club\/index.php\/wp-json\/wp\/v2\/pages\/307\/revisions"}],"predecessor-version":[{"id":406,"href":"https:\/\/chmurka.club\/index.php\/wp-json\/wp\/v2\/pages\/307\/revisions\/406"}],"wp:attachment":[{"href":"https:\/\/chmurka.club\/index.php\/wp-json\/wp\/v2\/media?parent=307"}],"curies":[{"name":"wp","href":"https:\/\/api.w.org\/{rel}","templated":true}]}}