{"id":399,"date":"2025-12-20T13:52:43","date_gmt":"2025-12-20T13:52:43","guid":{"rendered":"https:\/\/chmurka.club\/?page_id=399"},"modified":"2026-02-02T16:20:33","modified_gmt":"2026-02-02T16:20:33","slug":"kalendarze-i-grafika","status":"publish","type":"page","link":"https:\/\/chmurka.club\/index.php\/kalendarze-i-grafika\/","title":{"rendered":"Kolekcja"},"content":{"rendered":"\n<p class=\"wp-block-paragraph\"><a href=\"https:\/\/ekspozycja.host176291.stronawcal.pl\">https:\/\/ekspozycja.host176291.stronawcal.pl<\/a><\/p>\n\n\n\n<h2 class=\"wp-block-heading\">Kalendarze i grafika<\/h2>\n\n\n\n<h3 class=\"wp-block-heading\">Luty<\/h3>\n\n\n\n<figure class=\"wp-block-image size-large\"><img loading=\"lazy\" decoding=\"async\" width=\"724\" height=\"1024\" src=\"https:\/\/chmurka.club\/wp-content\/uploads\/2026\/02\/luty2026-724x1024.png\" alt=\"\" class=\"wp-image-702\" srcset=\"https:\/\/chmurka.club\/wp-content\/uploads\/2026\/02\/luty2026-724x1024.png 724w, https:\/\/chmurka.club\/wp-content\/uploads\/2026\/02\/luty2026-212x300.png 212w, https:\/\/chmurka.club\/wp-content\/uploads\/2026\/02\/luty2026-768x1086.png 768w, https:\/\/chmurka.club\/wp-content\/uploads\/2026\/02\/luty2026.png 794w\" sizes=\"auto, (max-width: 724px) 100vw, 724px\" \/><\/figure>\n\n\n\n<h3 class=\"wp-block-heading\">Stycze\u0144<\/h3>\n\n\n\n<figure class=\"wp-block-image size-large\"><img loading=\"lazy\" decoding=\"async\" width=\"740\" height=\"1024\" src=\"https:\/\/chmurka.club\/wp-content\/uploads\/2026\/01\/kalendarz-z-nr-tygodnia-styczen2026-740x1024.png\" alt=\"\" class=\"wp-image-694\" srcset=\"https:\/\/chmurka.club\/wp-content\/uploads\/2026\/01\/kalendarz-z-nr-tygodnia-styczen2026-740x1024.png 740w, https:\/\/chmurka.club\/wp-content\/uploads\/2026\/01\/kalendarz-z-nr-tygodnia-styczen2026-217x300.png 217w, https:\/\/chmurka.club\/wp-content\/uploads\/2026\/01\/kalendarz-z-nr-tygodnia-styczen2026-768x1063.png 768w, https:\/\/chmurka.club\/wp-content\/uploads\/2026\/01\/kalendarz-z-nr-tygodnia-styczen2026.png 831w\" sizes=\"auto, (max-width: 740px) 100vw, 740px\" \/><\/figure>\n\n\n\n<p class=\"wp-block-paragraph\"><strong>To idzie ca\u0142e do uzupe\u0142nienia<\/strong><\/p>\n\n\n\n<p class=\"wp-block-paragraph\">Po prostu &#8211; kolekcja kalendarzy i grafiki wektorowej.<\/p>\n\n\n\n<p class=\"wp-block-paragraph\"><\/p>\n","protected":false},"excerpt":{"rendered":"<p>https:\/\/ekspozycja.host176291.stronawcal.pl Kalendarze i grafika Luty Stycze\u0144 To idzie ca\u0142e do uzupe\u0142nienia Po prostu &#8211; kolekcja kalendarzy i grafiki<\/p>\n","protected":false},"author":1,"featured_media":0,"parent":0,"menu_order":0,"comment_status":"open","ping_status":"closed","template":"","meta":{"_crdt_document":"","footnotes":""},"class_list":["post-399","page","type-page","status-publish","hentry"],"_links":{"self":[{"href":"https:\/\/chmurka.club\/index.php\/wp-json\/wp\/v2\/pages\/399","targetHints":{"allow":["GET"]}}],"collection":[{"href":"https:\/\/chmurka.club\/index.php\/wp-json\/wp\/v2\/pages"}],"about":[{"href":"https:\/\/chmurka.club\/index.php\/wp-json\/wp\/v2\/types\/page"}],"author":[{"embeddable":true,"href":"https:\/\/chmurka.club\/index.php\/wp-json\/wp\/v2\/users\/1"}],"replies":[{"embeddable":true,"href":"https:\/\/chmurka.club\/index.php\/wp-json\/wp\/v2\/comments?post=399"}],"version-history":[{"count":17,"href":"https:\/\/chmurka.club\/index.php\/wp-json\/wp\/v2\/pages\/399\/revisions"}],"predecessor-version":[{"id":703,"href":"https:\/\/chmurka.club\/index.php\/wp-json\/wp\/v2\/pages\/399\/revisions\/703"}],"wp:attachment":[{"href":"https:\/\/chmurka.club\/index.php\/wp-json\/wp\/v2\/media?parent=399"}],"curies":[{"name":"wp","href":"https:\/\/api.w.org\/{rel}","templated":true}]}}