{"id":577,"date":"2026-01-06T19:08:51","date_gmt":"2026-01-06T19:08:51","guid":{"rendered":"https:\/\/chmurka.club\/?page_id=577"},"modified":"2026-01-07T22:20:45","modified_gmt":"2026-01-07T22:20:45","slug":"podroze","status":"publish","type":"page","link":"https:\/\/chmurka.club\/index.php\/podroze\/","title":{"rendered":"Podr\u00f3\u017ce"},"content":{"rendered":"\n<h2 class=\"wp-block-heading\">Podr\u00f3\u017ce ma\u0142e i du\u017ce.<\/h2>\n\n\n\n<p class=\"wp-block-paragraph\">Promenada &#8211; w\u0119dr\u00f3wki piesze.<\/p>\n\n\n\n<p class=\"wp-block-paragraph\">Robinsonada &#8211; spacery samochodowe<\/p>\n\n\n\n<p class=\"wp-block-paragraph\">Woja\u017c &#8211; spacery rowerowe<\/p>\n\n\n\n<p class=\"wp-block-paragraph\">Strona w produkcji<\/p>\n\n\n\n<h2 class=\"wp-block-heading\">Lista podstron:<\/h2>\n\n\n\n<p class=\"wp-block-paragraph\"><a href=\"https:\/\/spacery.host176291.stronawcal.pl\">https:\/\/spacery.host176291.stronawcal.pl<\/a><\/p>\n","protected":false},"excerpt":{"rendered":"<p>Podr\u00f3\u017ce ma\u0142e i du\u017ce. Promenada &#8211; w\u0119dr\u00f3wki piesze. Robinsonada &#8211; spacery samochodowe Woja\u017c &#8211; spacery rowerowe Strona w<\/p>\n","protected":false},"author":1,"featured_media":0,"parent":0,"menu_order":0,"comment_status":"open","ping_status":"closed","template":"","meta":{"_crdt_document":"","footnotes":""},"class_list":["post-577","page","type-page","status-publish","hentry"],"_links":{"self":[{"href":"https:\/\/chmurka.club\/index.php\/wp-json\/wp\/v2\/pages\/577","targetHints":{"allow":["GET"]}}],"collection":[{"href":"https:\/\/chmurka.club\/index.php\/wp-json\/wp\/v2\/pages"}],"about":[{"href":"https:\/\/chmurka.club\/index.php\/wp-json\/wp\/v2\/types\/page"}],"author":[{"embeddable":true,"href":"https:\/\/chmurka.club\/index.php\/wp-json\/wp\/v2\/users\/1"}],"replies":[{"embeddable":true,"href":"https:\/\/chmurka.club\/index.php\/wp-json\/wp\/v2\/comments?post=577"}],"version-history":[{"count":2,"href":"https:\/\/chmurka.club\/index.php\/wp-json\/wp\/v2\/pages\/577\/revisions"}],"predecessor-version":[{"id":589,"href":"https:\/\/chmurka.club\/index.php\/wp-json\/wp\/v2\/pages\/577\/revisions\/589"}],"wp:attachment":[{"href":"https:\/\/chmurka.club\/index.php\/wp-json\/wp\/v2\/media?parent=577"}],"curies":[{"name":"wp","href":"https:\/\/api.w.org\/{rel}","templated":true}]}}